{"id":171,"date":"2016-10-30T12:40:41","date_gmt":"2016-10-30T12:40:41","guid":{"rendered":"https:\/\/oceanwp.org\/travel\/?page_id=171"},"modified":"2026-03-04T20:15:00","modified_gmt":"2026-03-04T20:15:00","slug":"home","status":"publish","type":"page","link":"https:\/\/galeriapisodois.esfelgueiras.pt\/en\/","title":{"rendered":"In\u00edcio"},"content":{"rendered":"<div data-elementor-type=\"wp-post\" data-elementor-id=\"171\" class=\"elementor elementor-171\">\n\t\t\t\t\t\t<section class=\"elementor-section elementor-top-section elementor-element elementor-element-xzv1c7c elementor-section-boxed elementor-section-height-default elementor-section-height-default\" data-id=\"xzv1c7c\" data-element_type=\"section\" data-settings=\"{&quot;background_background&quot;:&quot;classic&quot;}\">\n\t\t\t\t\t\t<div class=\"elementor-container elementor-column-gap-default\">\n\t\t\t\t\t<div class=\"elementor-column elementor-col-100 elementor-top-column elementor-element elementor-element-5pbrfdr\" data-id=\"5pbrfdr\" data-element_type=\"column\">\n\t\t\t<div class=\"elementor-widget-wrap\">\n\t\t\t\t\t\t\t<\/div>\n\t\t<\/div>\n\t\t\t\t\t<\/div>\n\t\t<\/section>\n\t\t<div class=\"elementor-element elementor-element-f537192 e-flex e-con-boxed e-con e-parent\" data-id=\"f537192\" data-element_type=\"container\">\n\t\t\t\t\t<div class=\"e-con-inner\">\n\t\t\t\t<div class=\"elementor-element elementor-element-38833f4 elementor-widget elementor-widget-spacer\" data-id=\"38833f4\" data-element_type=\"widget\" data-widget_type=\"spacer.default\">\n\t\t\t\t<div class=\"elementor-widget-container\">\n\t\t\t\t\t\t\t<div class=\"elementor-spacer\">\n\t\t\t<div class=\"elementor-spacer-inner\"><\/div>\n\t\t<\/div>\n\t\t\t\t\t\t<\/div>\n\t\t\t\t<\/div>\n\t\t\t\t<div class=\"elementor-element elementor-element-fd03659 elementor-widget elementor-widget-heading\" data-id=\"fd03659\" data-element_type=\"widget\" data-widget_type=\"heading.default\">\n\t\t\t\t<div class=\"elementor-widget-container\">\n\t\t\t\t\t<h2 class=\"elementor-heading-title elementor-size-default\">Bem-vindo \u00e0 Galeria Piso Dois!\n<\/h2>\t\t\t\t<\/div>\n\t\t\t\t<\/div>\n\t\t\t\t<div class=\"elementor-element elementor-element-5933f85 elementor-widget elementor-widget-text-editor\" data-id=\"5933f85\" data-element_type=\"widget\" data-widget_type=\"text-editor.default\">\n\t\t\t\t<div class=\"elementor-widget-container\">\n\t\t\t\t\t\t\t\t\t<header><h1>\u00a0<\/h1><blockquote><p>\u201cA arte \u00e9 a mentira que nos permite conhecer a verdade.\u201d<br \/><cite>Pablo Picasso<\/cite><\/p><\/blockquote><blockquote><p>\u201cN\u00e3o existe meio mais seguro para fugir do mundo do que a arte, e n\u00e3o h\u00e1 forma mais segura de se unir a ele do que a arte.\u201d<br \/><cite>Johann Goethe<\/cite><\/p><\/blockquote><\/header>\t\t\t\t\t\t\t\t<\/div>\n\t\t\t\t<\/div>\n\t\t\t\t<div class=\"elementor-element elementor-element-e2c08cb elementor-widget elementor-widget-heading\" data-id=\"e2c08cb\" data-element_type=\"widget\" data-widget_type=\"heading.default\">\n\t\t\t\t<div class=\"elementor-widget-container\">\n\t\t\t\t\t<h2 class=\"elementor-heading-title elementor-size-default\">Destaques<\/h2>\t\t\t\t<\/div>\n\t\t\t\t<\/div>\n\t\t\t\t\t<\/div>\n\t\t\t\t<\/div>\n\t\t<div class=\"elementor-element elementor-element-ce571dd e-flex e-con-boxed e-con e-parent\" data-id=\"ce571dd\" data-element_type=\"container\">\n\t\t\t\t\t<div class=\"e-con-inner\">\n\t\t\t\t<div class=\"elementor-element elementor-element-8fa8e33 elementor-widget elementor-widget-heading\" data-id=\"8fa8e33\" data-element_type=\"widget\" data-widget_type=\"heading.default\">\n\t\t\t\t<div class=\"elementor-widget-container\">\n\t\t\t\t\t<h2 class=\"elementor-heading-title elementor-size-default\">Exposi\u00e7\u00e3o Atual | Teresa Gil<\/h2>\t\t\t\t<\/div>\n\t\t\t\t<\/div>\n\t\t\t\t\t<\/div>\n\t\t\t\t<\/div>\n\t\t<div class=\"elementor-element elementor-element-63511f4 e-flex e-con-boxed e-con e-parent\" data-id=\"63511f4\" data-element_type=\"container\">\n\t\t\t\t\t<div class=\"e-con-inner\">\n\t\t\t\t<div class=\"elementor-element elementor-element-71aeaa0 elementor-widget elementor-widget-image\" data-id=\"71aeaa0\" data-element_type=\"widget\" data-widget_type=\"image.default\">\n\t\t\t\t<div class=\"elementor-widget-container\">\n\t\t\t\t\t\t\t\t\t\t\t\t\t\t\t\t<a href=\"https:\/\/galeriapisodois.esfelgueiras.pt\/en\/2026\/03\/04\/exposicao-teresa-gil\/\">\n\t\t\t\t\t\t\t<img decoding=\"async\" width=\"210\" height=\"210\" src=\"https:\/\/galeriapisodois.esfelgueiras.pt\/wp-content\/uploads\/2026\/03\/teresaGil1.jpg\" class=\"attachment-large size-large wp-image-1669\" alt=\"Teresa Gil\" srcset=\"https:\/\/galeriapisodois.esfelgueiras.pt\/wp-content\/uploads\/2026\/03\/teresaGil1.jpg 210w, https:\/\/galeriapisodois.esfelgueiras.pt\/wp-content\/uploads\/2026\/03\/teresaGil1-150x150.jpg 150w, https:\/\/galeriapisodois.esfelgueiras.pt\/wp-content\/uploads\/2026\/03\/teresaGil1-12x12.jpg 12w\" sizes=\"(max-width: 210px) 100vw, 210px\" \/>\t\t\t\t\t\t\t\t<\/a>\n\t\t\t\t\t\t\t\t\t\t\t\t\t\t\t<\/div>\n\t\t\t\t<\/div>\n\t\t\t\t\t<\/div>\n\t\t\t\t<\/div>\n\t\t\t\t<\/div>","protected":false},"excerpt":{"rendered":"<p>Bem-vindo \u00e0 Galeria Piso Dois! \u00a0 \u201cA arte \u00e9 a mentira que nos permite conhecer a verdade.\u201dPablo Picasso \u201cN\u00e3o existe meio mais seguro para fugir do mundo do que a arte, e n\u00e3o h\u00e1 forma mais segura de se unir a ele do que a arte.\u201dJohann Goethe Destaques Exposi\u00e7\u00e3o Atual | Teresa Gil<\/p>","protected":false},"author":1,"featured_media":0,"parent":0,"menu_order":0,"comment_status":"closed","ping_status":"closed","template":"","meta":{"ocean_post_layout":"full-screen","ocean_both_sidebars_style":"","ocean_both_sidebars_content_width":0,"ocean_both_sidebars_sidebars_width":0,"ocean_sidebar":"","ocean_second_sidebar":"","ocean_disable_margins":"on","ocean_add_body_class":"","ocean_shortcode_before_top_bar":"","ocean_shortcode_after_top_bar":"","ocean_shortcode_before_header":"","ocean_shortcode_after_header":"","ocean_has_shortcode":"","ocean_shortcode_after_title":"","ocean_shortcode_before_footer_widgets":"","ocean_shortcode_after_footer_widgets":"","ocean_shortcode_before_footer_bottom":"","ocean_shortcode_after_footer_bottom":"","ocean_display_top_bar":"default","ocean_display_header":"default","ocean_header_style":"","ocean_center_header_left_menu":"","ocean_custom_header_template":"","ocean_custom_logo":0,"ocean_custom_retina_logo":0,"ocean_custom_logo_max_width":0,"ocean_custom_logo_tablet_max_width":0,"ocean_custom_logo_mobile_max_width":0,"ocean_custom_logo_max_height":0,"ocean_custom_logo_tablet_max_height":0,"ocean_custom_logo_mobile_max_height":0,"ocean_header_custom_menu":"","ocean_menu_typo_font_family":"","ocean_menu_typo_font_subset":"","ocean_menu_typo_font_size":0,"ocean_menu_typo_font_size_tablet":0,"ocean_menu_typo_font_size_mobile":0,"ocean_menu_typo_font_size_unit":"px","ocean_menu_typo_font_weight":"","ocean_menu_typo_font_weight_tablet":"","ocean_menu_typo_font_weight_mobile":"","ocean_menu_typo_transform":"","ocean_menu_typo_transform_tablet":"","ocean_menu_typo_transform_mobile":"","ocean_menu_typo_line_height":0,"ocean_menu_typo_line_height_tablet":0,"ocean_menu_typo_line_height_mobile":0,"ocean_menu_typo_line_height_unit":"","ocean_menu_typo_spacing":0,"ocean_menu_typo_spacing_tablet":0,"ocean_menu_typo_spacing_mobile":0,"ocean_menu_typo_spacing_unit":"","ocean_menu_link_color":"","ocean_menu_link_color_hover":"","ocean_menu_link_color_active":"","ocean_menu_link_background":"","ocean_menu_link_hover_background":"","ocean_menu_link_active_background":"","ocean_menu_social_links_bg":"","ocean_menu_social_hover_links_bg":"","ocean_menu_social_links_color":"","ocean_menu_social_hover_links_color":"","ocean_disable_title":"on","ocean_disable_heading":"default","ocean_post_title":"","ocean_post_subheading":"","ocean_post_title_style":"","ocean_post_title_background_color":"","ocean_post_title_background":0,"ocean_post_title_bg_image_position":"","ocean_post_title_bg_image_attachment":"","ocean_post_title_bg_image_repeat":"","ocean_post_title_bg_image_size":"","ocean_post_title_height":0,"ocean_post_title_bg_overlay":0.5,"ocean_post_title_bg_overlay_color":"","ocean_disable_breadcrumbs":"default","ocean_breadcrumbs_color":"","ocean_breadcrumbs_separator_color":"","ocean_breadcrumbs_links_color":"","ocean_breadcrumbs_links_hover_color":"","ocean_display_footer_widgets":"default","ocean_display_footer_bottom":"default","ocean_custom_footer_template":"","footnotes":""},"class_list":["post-171","page","type-page","status-publish","hentry","entry"],"yoast_head":"<!-- This site is optimized with the Yoast SEO plugin v27.1.1 - https:\/\/yoast.com\/product\/yoast-seo-wordpress\/ -->\n<title>In\u00edcio - Galeria Piso Dois<\/title>\n<meta name=\"robots\" content=\"index, follow, max-snippet:-1, max-image-preview:large, max-video-preview:-1\" \/>\n<link rel=\"canonical\" href=\"https:\/\/galeriapisodois.esfelgueiras.pt\/en\/\" \/>\n<meta property=\"og:locale\" content=\"en_GB\" \/>\n<meta property=\"og:type\" content=\"article\" \/>\n<meta property=\"og:title\" content=\"In\u00edcio - Galeria Piso Dois\" \/>\n<meta property=\"og:description\" content=\"Bem-vindo \u00e0 Galeria Piso Dois! \u00a0 \u201cA arte \u00e9 a mentira que nos permite conhecer a verdade.\u201dPablo Picasso \u201cN\u00e3o existe meio mais seguro para fugir do mundo do que a arte, e n\u00e3o h\u00e1 forma mais segura de se unir a ele do que a arte.\u201dJohann Goethe Destaques Exposi\u00e7\u00e3o Atual | Teresa Gil\" \/>\n<meta property=\"og:url\" content=\"https:\/\/galeriapisodois.esfelgueiras.pt\/en\/\" \/>\n<meta property=\"og:site_name\" content=\"Galeria Piso Dois\" \/>\n<meta property=\"article:publisher\" content=\"https:\/\/pt-br.facebook.com\/Tribuzzi\/photos\/\" \/>\n<meta property=\"article:modified_time\" content=\"2026-03-04T20:15:00+00:00\" \/>\n<meta property=\"og:image\" content=\"https:\/\/galeriapisodois.esfelgueiras.pt\/wp-content\/uploads\/2026\/03\/teresaGil1.jpg\" \/>\n\t<meta property=\"og:image:width\" content=\"210\" \/>\n\t<meta property=\"og:image:height\" content=\"210\" \/>\n\t<meta property=\"og:image:type\" content=\"image\/jpeg\" \/>\n<meta name=\"twitter:card\" content=\"summary_large_image\" \/>\n<script type=\"application\/ld+json\" class=\"yoast-schema-graph\">{\"@context\":\"https:\/\/schema.org\",\"@graph\":[{\"@type\":\"WebPage\",\"@id\":\"https:\/\/galeriapisodois.esfelgueiras.pt\/\",\"url\":\"https:\/\/galeriapisodois.esfelgueiras.pt\/\",\"name\":\"In\u00edcio - Galeria Piso Dois\",\"isPartOf\":{\"@id\":\"https:\/\/galeriapisodois.esfelgueiras.pt\/#website\"},\"primaryImageOfPage\":{\"@id\":\"https:\/\/galeriapisodois.esfelgueiras.pt\/#primaryimage\"},\"image\":{\"@id\":\"https:\/\/galeriapisodois.esfelgueiras.pt\/#primaryimage\"},\"thumbnailUrl\":\"https:\/\/galeriapisodois.esfelgueiras.pt\/wp-content\/uploads\/2026\/03\/teresaGil1.jpg\",\"datePublished\":\"2016-10-30T12:40:41+00:00\",\"dateModified\":\"2026-03-04T20:15:00+00:00\",\"breadcrumb\":{\"@id\":\"https:\/\/galeriapisodois.esfelgueiras.pt\/#breadcrumb\"},\"inLanguage\":\"en-GB\",\"potentialAction\":[{\"@type\":\"ReadAction\",\"target\":[\"https:\/\/galeriapisodois.esfelgueiras.pt\/\"]}]},{\"@type\":\"ImageObject\",\"inLanguage\":\"en-GB\",\"@id\":\"https:\/\/galeriapisodois.esfelgueiras.pt\/#primaryimage\",\"url\":\"https:\/\/galeriapisodois.esfelgueiras.pt\/wp-content\/uploads\/2026\/03\/teresaGil1.jpg\",\"contentUrl\":\"https:\/\/galeriapisodois.esfelgueiras.pt\/wp-content\/uploads\/2026\/03\/teresaGil1.jpg\"},{\"@type\":\"BreadcrumbList\",\"@id\":\"https:\/\/galeriapisodois.esfelgueiras.pt\/#breadcrumb\",\"itemListElement\":[{\"@type\":\"ListItem\",\"position\":1,\"name\":\"In\u00edcio\",\"item\":\"https:\/\/galeriapisodois.esfelgueiras.pt\/\"},{\"@type\":\"ListItem\",\"position\":2,\"name\":\"In\u00edcio\"}]},{\"@type\":\"WebSite\",\"@id\":\"https:\/\/galeriapisodois.esfelgueiras.pt\/#website\",\"url\":\"https:\/\/galeriapisodois.esfelgueiras.pt\/\",\"name\":\"Galeria Piso Dois\",\"description\":\"Galeria Piso Dois\",\"publisher\":{\"@id\":\"https:\/\/galeriapisodois.esfelgueiras.pt\/#organization\"},\"potentialAction\":[{\"@type\":\"SearchAction\",\"target\":{\"@type\":\"EntryPoint\",\"urlTemplate\":\"https:\/\/galeriapisodois.esfelgueiras.pt\/?s={search_term_string}\"},\"query-input\":{\"@type\":\"PropertyValueSpecification\",\"valueRequired\":true,\"valueName\":\"search_term_string\"}}],\"inLanguage\":\"en-GB\"},{\"@type\":\"Organization\",\"@id\":\"https:\/\/galeriapisodois.esfelgueiras.pt\/#organization\",\"name\":\"Galeria Piso Dois\",\"url\":\"https:\/\/galeriapisodois.esfelgueiras.pt\/\",\"logo\":{\"@type\":\"ImageObject\",\"inLanguage\":\"en-GB\",\"@id\":\"https:\/\/galeriapisodois.esfelgueiras.pt\/#\/schema\/logo\/image\/\",\"url\":\"https:\/\/galeriapisodois.esfelgueiras.pt\/wp-content\/uploads\/2026\/03\/cropped-LogoGaleria.png\",\"contentUrl\":\"https:\/\/galeriapisodois.esfelgueiras.pt\/wp-content\/uploads\/2026\/03\/cropped-LogoGaleria.png\",\"width\":512,\"height\":512,\"caption\":\"Galeria Piso Dois\"},\"image\":{\"@id\":\"https:\/\/galeriapisodois.esfelgueiras.pt\/#\/schema\/logo\/image\/\"},\"sameAs\":[\"https:\/\/pt-br.facebook.com\/Tribuzzi\/photos\/\"]}]}<\/script>\n<!-- \/ Yoast SEO plugin. -->","yoast_head_json":{"title":"In\u00edcio - Galeria Piso Dois","robots":{"index":"index","follow":"follow","max-snippet":"max-snippet:-1","max-image-preview":"max-image-preview:large","max-video-preview":"max-video-preview:-1"},"canonical":"https:\/\/galeriapisodois.esfelgueiras.pt\/en\/","og_locale":"en_GB","og_type":"article","og_title":"In\u00edcio - Galeria Piso Dois","og_description":"Bem-vindo \u00e0 Galeria Piso Dois! \u00a0 \u201cA arte \u00e9 a mentira que nos permite conhecer a verdade.\u201dPablo Picasso \u201cN\u00e3o existe meio mais seguro para fugir do mundo do que a arte, e n\u00e3o h\u00e1 forma mais segura de se unir a ele do que a arte.\u201dJohann Goethe Destaques Exposi\u00e7\u00e3o Atual | Teresa Gil","og_url":"https:\/\/galeriapisodois.esfelgueiras.pt\/en\/","og_site_name":"Galeria Piso Dois","article_publisher":"https:\/\/pt-br.facebook.com\/Tribuzzi\/photos\/","article_modified_time":"2026-03-04T20:15:00+00:00","og_image":[{"width":210,"height":210,"url":"https:\/\/galeriapisodois.esfelgueiras.pt\/wp-content\/uploads\/2026\/03\/teresaGil1.jpg","type":"image\/jpeg"}],"twitter_card":"summary_large_image","schema":{"@context":"https:\/\/schema.org","@graph":[{"@type":"WebPage","@id":"https:\/\/galeriapisodois.esfelgueiras.pt\/","url":"https:\/\/galeriapisodois.esfelgueiras.pt\/","name":"In\u00edcio - Galeria Piso Dois","isPartOf":{"@id":"https:\/\/galeriapisodois.esfelgueiras.pt\/#website"},"primaryImageOfPage":{"@id":"https:\/\/galeriapisodois.esfelgueiras.pt\/#primaryimage"},"image":{"@id":"https:\/\/galeriapisodois.esfelgueiras.pt\/#primaryimage"},"thumbnailUrl":"https:\/\/galeriapisodois.esfelgueiras.pt\/wp-content\/uploads\/2026\/03\/teresaGil1.jpg","datePublished":"2016-10-30T12:40:41+00:00","dateModified":"2026-03-04T20:15:00+00:00","breadcrumb":{"@id":"https:\/\/galeriapisodois.esfelgueiras.pt\/#breadcrumb"},"inLanguage":"en-GB","potentialAction":[{"@type":"ReadAction","target":["https:\/\/galeriapisodois.esfelgueiras.pt\/"]}]},{"@type":"ImageObject","inLanguage":"en-GB","@id":"https:\/\/galeriapisodois.esfelgueiras.pt\/#primaryimage","url":"https:\/\/galeriapisodois.esfelgueiras.pt\/wp-content\/uploads\/2026\/03\/teresaGil1.jpg","contentUrl":"https:\/\/galeriapisodois.esfelgueiras.pt\/wp-content\/uploads\/2026\/03\/teresaGil1.jpg"},{"@type":"BreadcrumbList","@id":"https:\/\/galeriapisodois.esfelgueiras.pt\/#breadcrumb","itemListElement":[{"@type":"ListItem","position":1,"name":"In\u00edcio","item":"https:\/\/galeriapisodois.esfelgueiras.pt\/"},{"@type":"ListItem","position":2,"name":"In\u00edcio"}]},{"@type":"WebSite","@id":"https:\/\/galeriapisodois.esfelgueiras.pt\/#website","url":"https:\/\/galeriapisodois.esfelgueiras.pt\/","name":"Galeria Piso Dois","description":"Galeria Piso Dois","publisher":{"@id":"https:\/\/galeriapisodois.esfelgueiras.pt\/#organization"},"potentialAction":[{"@type":"SearchAction","target":{"@type":"EntryPoint","urlTemplate":"https:\/\/galeriapisodois.esfelgueiras.pt\/?s={search_term_string}"},"query-input":{"@type":"PropertyValueSpecification","valueRequired":true,"valueName":"search_term_string"}}],"inLanguage":"en-GB"},{"@type":"Organization","@id":"https:\/\/galeriapisodois.esfelgueiras.pt\/#organization","name":"Galeria Piso Dois","url":"https:\/\/galeriapisodois.esfelgueiras.pt\/","logo":{"@type":"ImageObject","inLanguage":"en-GB","@id":"https:\/\/galeriapisodois.esfelgueiras.pt\/#\/schema\/logo\/image\/","url":"https:\/\/galeriapisodois.esfelgueiras.pt\/wp-content\/uploads\/2026\/03\/cropped-LogoGaleria.png","contentUrl":"https:\/\/galeriapisodois.esfelgueiras.pt\/wp-content\/uploads\/2026\/03\/cropped-LogoGaleria.png","width":512,"height":512,"caption":"Galeria Piso Dois"},"image":{"@id":"https:\/\/galeriapisodois.esfelgueiras.pt\/#\/schema\/logo\/image\/"},"sameAs":["https:\/\/pt-br.facebook.com\/Tribuzzi\/photos\/"]}]}},"_links":{"self":[{"href":"https:\/\/galeriapisodois.esfelgueiras.pt\/en\/wp-json\/wp\/v2\/pages\/171","targetHints":{"allow":["GET"]}}],"collection":[{"href":"https:\/\/galeriapisodois.esfelgueiras.pt\/en\/wp-json\/wp\/v2\/pages"}],"about":[{"href":"https:\/\/galeriapisodois.esfelgueiras.pt\/en\/wp-json\/wp\/v2\/types\/page"}],"author":[{"embeddable":true,"href":"https:\/\/galeriapisodois.esfelgueiras.pt\/en\/wp-json\/wp\/v2\/users\/1"}],"replies":[{"embeddable":true,"href":"https:\/\/galeriapisodois.esfelgueiras.pt\/en\/wp-json\/wp\/v2\/comments?post=171"}],"version-history":[{"count":76,"href":"https:\/\/galeriapisodois.esfelgueiras.pt\/en\/wp-json\/wp\/v2\/pages\/171\/revisions"}],"predecessor-version":[{"id":1710,"href":"https:\/\/galeriapisodois.esfelgueiras.pt\/en\/wp-json\/wp\/v2\/pages\/171\/revisions\/1710"}],"wp:attachment":[{"href":"https:\/\/galeriapisodois.esfelgueiras.pt\/en\/wp-json\/wp\/v2\/media?parent=171"}],"curies":[{"name":"wp","href":"https:\/\/api.w.org\/{rel}","templated":true}]}}