{"id":56,"date":"2025-01-12T14:54:28","date_gmt":"2025-01-12T14:54:28","guid":{"rendered":"https:\/\/galeriapisodois.esfelgueiras.pt\/?page_id=56"},"modified":"2025-05-02T20:13:49","modified_gmt":"2025-05-02T20:13:49","slug":"outras-exposicoes","status":"publish","type":"page","link":"https:\/\/galeriapisodois.esfelgueiras.pt\/en\/outras-exposicoes\/","title":{"rendered":"Outras Exposi\u00e7\u00f5es"},"content":{"rendered":"<div data-elementor-type=\"wp-page\" data-elementor-id=\"56\" class=\"elementor elementor-56\">\n\t\t\t\t<div class=\"elementor-element elementor-element-53642854 e-flex e-con-boxed e-con e-parent\" data-id=\"53642854\" data-element_type=\"container\">\n\t\t\t\t\t<div class=\"e-con-inner\">\n\t\t\t\t<div class=\"elementor-element elementor-element-7352442a elementor-widget elementor-widget-text-editor\" data-id=\"7352442a\" data-element_type=\"widget\" data-widget_type=\"text-editor.default\">\n\t\t\t\t<div class=\"elementor-widget-container\">\n\t\t\t\t\t\t\t\t\t<p><\/p>\n<div class=\"wp-block-group intro-section has-dark-grey-color has-light-grey-background-color\" style=\"padding: 30px 20px;\"><div class=\"wp-block-group__inner-container is-layout-flow wp-block-group-is-layout-flow\">\n<p>  <!-- T\u00edtulo principal --><\/p>\n<h2 class=\"has-text-align-left\" style=\"font-size: 28px;\">Bem-vindo<\/h2>\n<p>  <!-- Subt\u00edtulo --><\/p>\n<h3 class=\"has-text-align-left\" style=\"font-size: 20px; color: #555;\">Descubra a Hist\u00f3ria Art\u00edstica da Nossa Galeria<\/h3>\n<p>  <!-- Par\u00e1grafo introdut\u00f3rio --><\/p>\n<p style=\"line-height: 1.8;\">\n    Aqui encontrar\u00e1 um arquivo completo das exposi\u00e7\u00f5es realizadas ao longo dos anos na nossa galeria. Cada ano letivo apresenta uma cole\u00e7\u00e3o \u00fanica de obras, cuidadosamente selecionadas para refletir o talento, a criatividade e o crescimento art\u00edstico dos nossos participantes.\n  <\/p>\n<p>  <!-- Par\u00e1grafo de orienta\u00e7\u00e3o --><\/p>\n<p style=\"line-height: 1.8;\">\n    Explore as exposi\u00e7\u00f5es de cada ano letivo e descubra momentos marcantes da nossa hist\u00f3ria art\u00edstica. Clique nos anos abaixo para reviver momentos inesquec\u00edveis da nossa hist\u00f3ria art\u00edstica.\n  <\/p>\n<p>  <!-- T\u00edtulo da lista --><\/p>\n<h3 class=\"has-text-align-left\" style=\"font-size: 24px;\">Exposi\u00e7\u00f5es por Ano Letivo<\/h3>\n<p>  <!-- Lista de links com efeito de destaque --><\/p>\n<ul style=\"list-style: none; padding: 0;\">\n<li style=\"margin-bottom: 10px;\"><a style=\"color: #0073e6; text-decoration: none; font-size: 18px; transition: all 0.3s ease;\" href=\"https:\/\/galeriapisodois.esfelgueiras.pt\/en\/category\/ano-letivo-2024-25\/\">Ano Letivo 2024\/25<\/a><\/li>\n<li style=\"margin-bottom: 10px;\"><a style=\"color: #0073e6; text-decoration: none; font-size: 18px; transition: all 0.3s ease;\" href=\"https:\/\/galeriapisodois.esfelgueiras.pt\/en\/category\/ano-letivo-2023-24\/\">Ano Letivo 2023\/24<\/a><\/li>\n<li style=\"margin-bottom: 10px;\"><a style=\"color: #0073e6; text-decoration: none; font-size: 18px; transition: all 0.3s ease;\" href=\"https:\/\/galeriapisodois.esfelgueiras.pt\/en\/category\/ano-letivo-2022-23\/\">Ano Letivo 2022\/23<\/a><\/li>\n<li style=\"margin-bottom: 10px;\"><a style=\"color: #0073e6; text-decoration: none; font-size: 18px; transition: all 0.3s ease;\" href=\"https:\/\/galeriapisodois.esfelgueiras.pt\/en\/category\/ano-letivo-2021-22\/\">Ano Letivo 2021\/22<\/a><\/li>\n<li style=\"margin-bottom: 10px;\"><a style=\"color: #0073e6; text-decoration: none; font-size: 18px; transition: all 0.3s ease;\" href=\"https:\/\/galeriapisodois.esfelgueiras.pt\/en\/category\/ano-letivo-2020-21\/\">Ano Letivo 2020\/21<\/a><\/li>\n<li style=\"margin-bottom: 10px;\"><a style=\"color: #0073e6; text-decoration: none; font-size: 18px; transition: all 0.3s ease;\" href=\"https:\/\/galeriapisodois.esfelgueiras.pt\/en\/category\/ano-letivo-2019-20\/\">Ano Letivo 2019\/20<\/a><\/li>\n<li style=\"margin-bottom: 10px;\"><a style=\"color: #0073e6; text-decoration: none; font-size: 18px; transition: all 0.3s ease;\" href=\"https:\/\/galeriapisodois.esfelgueiras.pt\/en\/category\/ano-letivo-2018-19\/\">Ano Letivo 2018\/19<\/a><\/li>\n<li style=\"margin-bottom: 10px;\"><a style=\"color: #0073e6; text-decoration: none; font-size: 18px; transition: all 0.3s ease;\" href=\"https:\/\/galeriapisodois.esfelgueiras.pt\/en\/category\/ano-letivo-2017-18\/\">Ano Letivo 2017\/18<\/a><\/li>\n<li style=\"margin-bottom: 10px;\"><a style=\"color: #0073e6; text-decoration: none; font-size: 18px; transition: all 0.3s ease;\" href=\"https:\/\/galeriapisodois.esfelgueiras.pt\/en\/category\/ano-letivo-2016-17\/\">Ano Letivo 2016\/17<\/a><\/li>\n<li style=\"margin-bottom: 10px;\"><a style=\"color: #0073e6; text-decoration: none; font-size: 18px; transition: all 0.3s ease;\" href=\"https:\/\/galeriapisodois.esfelgueiras.pt\/en\/category\/ano-letivo-2015-16\/\">Ano Letivo 2015\/16<\/a><\/li>\n<li style=\"margin-bottom: 10px;\"><a style=\"color: #0073e6; text-decoration: none; font-size: 18px; transition: all 0.3s ease;\" href=\"https:\/\/galeriapisodois.esfelgueiras.pt\/en\/category\/ano-letivo-2014-15\/\">Ano Letivo 2014\/15<\/a><\/li>\n<li style=\"margin-bottom: 10px;\"><a style=\"color: #0073e6; text-decoration: none; font-size: 18px; transition: all 0.3s ease;\" href=\"https:\/\/galeriapisodois.esfelgueiras.pt\/en\/category\/ano-letivo-2013-14\/\">Ano Letivo 2013\/14<\/a><\/li>\n<\/ul>\n<p>  <!-- Espa\u00e7o de separa\u00e7\u00e3o final --><\/p>\n<div class=\"wp-block-spacer\" style=\"height: 20px;\" aria-hidden=\"true\">&nbsp;<\/div>\n<p>  <!-- Estilos CSS para o efeito de hover --><\/p>\n<style>\n    ul li a:hover {<br \/>      color: #ff6347;<br \/>      text-decoration: underline;<br \/>      font-weight: bold;<br \/>    }<br \/>  <\/style>\n<\/div><\/div>\n<p><\/p>\t\t\t\t\t\t\t\t<\/div>\n\t\t\t\t<\/div>\n\t\t\t\t\t<\/div>\n\t\t\t\t<\/div>\n\t\t\t\t<\/div>","protected":false},"excerpt":{"rendered":"<p>Bem-vindo Descubra a Hist\u00f3ria Art\u00edstica da Nossa Galeria Aqui encontrar\u00e1 um arquivo completo das exposi\u00e7\u00f5es realizadas ao longo dos anos na nossa galeria. Cada ano letivo apresenta uma cole\u00e7\u00e3o \u00fanica de obras, cuidadosamente selecionadas para refletir o talento, a criatividade e o crescimento art\u00edstico dos nossos participantes. Explore as exposi\u00e7\u00f5es de cada ano letivo e [&hellip;]<\/p>","protected":false},"author":1,"featured_media":0,"parent":0,"menu_order":0,"comment_status":"closed","ping_status":"closed","template":"","meta":{"ocean_post_layout":"","ocean_both_sidebars_style":"","ocean_both_sidebars_content_width":0,"ocean_both_sidebars_sidebars_width":0,"ocean_sidebar":"","ocean_second_sidebar":"","ocean_disable_margins":"enable","ocean_add_body_class":"","ocean_shortcode_before_top_bar":"","ocean_shortcode_after_top_bar":"","ocean_shortcode_before_header":"","ocean_shortcode_after_header":"","ocean_has_shortcode":"","ocean_shortcode_after_title":"","ocean_shortcode_before_footer_widgets":"","ocean_shortcode_after_footer_widgets":"","ocean_shortcode_before_footer_bottom":"","ocean_shortcode_after_footer_bottom":"","ocean_display_top_bar":"default","ocean_display_header":"default","ocean_header_style":"","ocean_center_header_left_menu":"","ocean_custom_header_template":"","ocean_custom_logo":0,"ocean_custom_retina_logo":0,"ocean_custom_logo_max_width":0,"ocean_custom_logo_tablet_max_width":0,"ocean_custom_logo_mobile_max_width":0,"ocean_custom_logo_max_height":0,"ocean_custom_logo_tablet_max_height":0,"ocean_custom_logo_mobile_max_height":0,"ocean_header_custom_menu":"","ocean_menu_typo_font_family":"","ocean_menu_typo_font_subset":"","ocean_menu_typo_font_size":0,"ocean_menu_typo_font_size_tablet":0,"ocean_menu_typo_font_size_mobile":0,"ocean_menu_typo_font_size_unit":"px","ocean_menu_typo_font_weight":"","ocean_menu_typo_font_weight_tablet":"","ocean_menu_typo_font_weight_mobile":"","ocean_menu_typo_transform":"","ocean_menu_typo_transform_tablet":"","ocean_menu_typo_transform_mobile":"","ocean_menu_typo_line_height":0,"ocean_menu_typo_line_height_tablet":0,"ocean_menu_typo_line_height_mobile":0,"ocean_menu_typo_line_height_unit":"","ocean_menu_typo_spacing":0,"ocean_menu_typo_spacing_tablet":0,"ocean_menu_typo_spacing_mobile":0,"ocean_menu_typo_spacing_unit":"","ocean_menu_link_color":"","ocean_menu_link_color_hover":"","ocean_menu_link_color_active":"","ocean_menu_link_background":"","ocean_menu_link_hover_background":"","ocean_menu_link_active_background":"","ocean_menu_social_links_bg":"","ocean_menu_social_hover_links_bg":"","ocean_menu_social_links_color":"","ocean_menu_social_hover_links_color":"","ocean_disable_title":"default","ocean_disable_heading":"default","ocean_post_title":"","ocean_post_subheading":"","ocean_post_title_style":"","ocean_post_title_background_color":"","ocean_post_title_background":0,"ocean_post_title_bg_image_position":"","ocean_post_title_bg_image_attachment":"","ocean_post_title_bg_image_repeat":"","ocean_post_title_bg_image_size":"","ocean_post_title_height":0,"ocean_post_title_bg_overlay":0.5,"ocean_post_title_bg_overlay_color":"","ocean_disable_breadcrumbs":"default","ocean_breadcrumbs_color":"","ocean_breadcrumbs_separator_color":"","ocean_breadcrumbs_links_color":"","ocean_breadcrumbs_links_hover_color":"","ocean_display_footer_widgets":"default","ocean_display_footer_bottom":"default","ocean_custom_footer_template":"","footnotes":""},"class_list":["post-56","page","type-page","status-publish","hentry","entry"],"yoast_head":"<!-- This site is optimized with the Yoast SEO plugin v27.1.1 - https:\/\/yoast.com\/product\/yoast-seo-wordpress\/ -->\n<title>Outras Exposi\u00e7\u00f5es - Galeria Piso Dois<\/title>\n<meta name=\"robots\" content=\"index, follow, max-snippet:-1, max-image-preview:large, max-video-preview:-1\" \/>\n<link rel=\"canonical\" href=\"https:\/\/galeriapisodois.esfelgueiras.pt\/en\/outras-exposicoes\/\" \/>\n<meta property=\"og:locale\" content=\"en_GB\" \/>\n<meta property=\"og:type\" content=\"article\" \/>\n<meta property=\"og:title\" content=\"Outras Exposi\u00e7\u00f5es - Galeria Piso Dois\" \/>\n<meta property=\"og:description\" content=\"Bem-vindo Descubra a Hist\u00f3ria Art\u00edstica da Nossa Galeria Aqui encontrar\u00e1 um arquivo completo das exposi\u00e7\u00f5es realizadas ao longo dos anos na nossa galeria. Cada ano letivo apresenta uma cole\u00e7\u00e3o \u00fanica de obras, cuidadosamente selecionadas para refletir o talento, a criatividade e o crescimento art\u00edstico dos nossos participantes. Explore as exposi\u00e7\u00f5es de cada ano letivo e [&hellip;]\" \/>\n<meta property=\"og:url\" content=\"https:\/\/galeriapisodois.esfelgueiras.pt\/en\/outras-exposicoes\/\" \/>\n<meta property=\"og:site_name\" content=\"Galeria Piso Dois\" \/>\n<meta property=\"article:publisher\" content=\"https:\/\/pt-br.facebook.com\/Tribuzzi\/photos\/\" \/>\n<meta property=\"article:modified_time\" content=\"2025-05-02T20:13:49+00:00\" \/>\n<meta name=\"twitter:card\" content=\"summary_large_image\" \/>\n<meta name=\"twitter:label1\" content=\"Estimated reading time\" \/>\n\t<meta name=\"twitter:data1\" content=\"1 minute\" \/>\n<script type=\"application\/ld+json\" class=\"yoast-schema-graph\">{\"@context\":\"https:\/\/schema.org\",\"@graph\":[{\"@type\":\"WebPage\",\"@id\":\"https:\/\/galeriapisodois.esfelgueiras.pt\/outras-exposicoes\/\",\"url\":\"https:\/\/galeriapisodois.esfelgueiras.pt\/outras-exposicoes\/\",\"name\":\"Outras Exposi\u00e7\u00f5es - Galeria Piso Dois\",\"isPartOf\":{\"@id\":\"https:\/\/galeriapisodois.esfelgueiras.pt\/#website\"},\"datePublished\":\"2025-01-12T14:54:28+00:00\",\"dateModified\":\"2025-05-02T20:13:49+00:00\",\"breadcrumb\":{\"@id\":\"https:\/\/galeriapisodois.esfelgueiras.pt\/outras-exposicoes\/#breadcrumb\"},\"inLanguage\":\"en-GB\",\"potentialAction\":[{\"@type\":\"ReadAction\",\"target\":[\"https:\/\/galeriapisodois.esfelgueiras.pt\/outras-exposicoes\/\"]}]},{\"@type\":\"BreadcrumbList\",\"@id\":\"https:\/\/galeriapisodois.esfelgueiras.pt\/outras-exposicoes\/#breadcrumb\",\"itemListElement\":[{\"@type\":\"ListItem\",\"position\":1,\"name\":\"In\u00edcio\",\"item\":\"https:\/\/galeriapisodois.esfelgueiras.pt\/\"},{\"@type\":\"ListItem\",\"position\":2,\"name\":\"Outras Exposi\u00e7\u00f5es\"}]},{\"@type\":\"WebSite\",\"@id\":\"https:\/\/galeriapisodois.esfelgueiras.pt\/#website\",\"url\":\"https:\/\/galeriapisodois.esfelgueiras.pt\/\",\"name\":\"Galeria Piso Dois\",\"description\":\"Galeria Piso Dois\",\"publisher\":{\"@id\":\"https:\/\/galeriapisodois.esfelgueiras.pt\/#organization\"},\"potentialAction\":[{\"@type\":\"SearchAction\",\"target\":{\"@type\":\"EntryPoint\",\"urlTemplate\":\"https:\/\/galeriapisodois.esfelgueiras.pt\/?s={search_term_string}\"},\"query-input\":{\"@type\":\"PropertyValueSpecification\",\"valueRequired\":true,\"valueName\":\"search_term_string\"}}],\"inLanguage\":\"en-GB\"},{\"@type\":\"Organization\",\"@id\":\"https:\/\/galeriapisodois.esfelgueiras.pt\/#organization\",\"name\":\"Galeria Piso Dois\",\"url\":\"https:\/\/galeriapisodois.esfelgueiras.pt\/\",\"logo\":{\"@type\":\"ImageObject\",\"inLanguage\":\"en-GB\",\"@id\":\"https:\/\/galeriapisodois.esfelgueiras.pt\/#\/schema\/logo\/image\/\",\"url\":\"https:\/\/galeriapisodois.esfelgueiras.pt\/wp-content\/uploads\/2026\/03\/cropped-LogoGaleria.png\",\"contentUrl\":\"https:\/\/galeriapisodois.esfelgueiras.pt\/wp-content\/uploads\/2026\/03\/cropped-LogoGaleria.png\",\"width\":512,\"height\":512,\"caption\":\"Galeria Piso Dois\"},\"image\":{\"@id\":\"https:\/\/galeriapisodois.esfelgueiras.pt\/#\/schema\/logo\/image\/\"},\"sameAs\":[\"https:\/\/pt-br.facebook.com\/Tribuzzi\/photos\/\"]}]}<\/script>\n<!-- \/ Yoast SEO plugin. -->","yoast_head_json":{"title":"Outras Exposi\u00e7\u00f5es - Galeria Piso Dois","robots":{"index":"index","follow":"follow","max-snippet":"max-snippet:-1","max-image-preview":"max-image-preview:large","max-video-preview":"max-video-preview:-1"},"canonical":"https:\/\/galeriapisodois.esfelgueiras.pt\/en\/outras-exposicoes\/","og_locale":"en_GB","og_type":"article","og_title":"Outras Exposi\u00e7\u00f5es - Galeria Piso Dois","og_description":"Bem-vindo Descubra a Hist\u00f3ria Art\u00edstica da Nossa Galeria Aqui encontrar\u00e1 um arquivo completo das exposi\u00e7\u00f5es realizadas ao longo dos anos na nossa galeria. Cada ano letivo apresenta uma cole\u00e7\u00e3o \u00fanica de obras, cuidadosamente selecionadas para refletir o talento, a criatividade e o crescimento art\u00edstico dos nossos participantes. Explore as exposi\u00e7\u00f5es de cada ano letivo e [&hellip;]","og_url":"https:\/\/galeriapisodois.esfelgueiras.pt\/en\/outras-exposicoes\/","og_site_name":"Galeria Piso Dois","article_publisher":"https:\/\/pt-br.facebook.com\/Tribuzzi\/photos\/","article_modified_time":"2025-05-02T20:13:49+00:00","twitter_card":"summary_large_image","twitter_misc":{"Estimated reading time":"1 minute"},"schema":{"@context":"https:\/\/schema.org","@graph":[{"@type":"WebPage","@id":"https:\/\/galeriapisodois.esfelgueiras.pt\/outras-exposicoes\/","url":"https:\/\/galeriapisodois.esfelgueiras.pt\/outras-exposicoes\/","name":"Outras Exposi\u00e7\u00f5es - Galeria Piso Dois","isPartOf":{"@id":"https:\/\/galeriapisodois.esfelgueiras.pt\/#website"},"datePublished":"2025-01-12T14:54:28+00:00","dateModified":"2025-05-02T20:13:49+00:00","breadcrumb":{"@id":"https:\/\/galeriapisodois.esfelgueiras.pt\/outras-exposicoes\/#breadcrumb"},"inLanguage":"en-GB","potentialAction":[{"@type":"ReadAction","target":["https:\/\/galeriapisodois.esfelgueiras.pt\/outras-exposicoes\/"]}]},{"@type":"BreadcrumbList","@id":"https:\/\/galeriapisodois.esfelgueiras.pt\/outras-exposicoes\/#breadcrumb","itemListElement":[{"@type":"ListItem","position":1,"name":"In\u00edcio","item":"https:\/\/galeriapisodois.esfelgueiras.pt\/"},{"@type":"ListItem","position":2,"name":"Outras Exposi\u00e7\u00f5es"}]},{"@type":"WebSite","@id":"https:\/\/galeriapisodois.esfelgueiras.pt\/#website","url":"https:\/\/galeriapisodois.esfelgueiras.pt\/","name":"Galeria Piso Dois","description":"Galeria Piso Dois","publisher":{"@id":"https:\/\/galeriapisodois.esfelgueiras.pt\/#organization"},"potentialAction":[{"@type":"SearchAction","target":{"@type":"EntryPoint","urlTemplate":"https:\/\/galeriapisodois.esfelgueiras.pt\/?s={search_term_string}"},"query-input":{"@type":"PropertyValueSpecification","valueRequired":true,"valueName":"search_term_string"}}],"inLanguage":"en-GB"},{"@type":"Organization","@id":"https:\/\/galeriapisodois.esfelgueiras.pt\/#organization","name":"Galeria Piso Dois","url":"https:\/\/galeriapisodois.esfelgueiras.pt\/","logo":{"@type":"ImageObject","inLanguage":"en-GB","@id":"https:\/\/galeriapisodois.esfelgueiras.pt\/#\/schema\/logo\/image\/","url":"https:\/\/galeriapisodois.esfelgueiras.pt\/wp-content\/uploads\/2026\/03\/cropped-LogoGaleria.png","contentUrl":"https:\/\/galeriapisodois.esfelgueiras.pt\/wp-content\/uploads\/2026\/03\/cropped-LogoGaleria.png","width":512,"height":512,"caption":"Galeria Piso Dois"},"image":{"@id":"https:\/\/galeriapisodois.esfelgueiras.pt\/#\/schema\/logo\/image\/"},"sameAs":["https:\/\/pt-br.facebook.com\/Tribuzzi\/photos\/"]}]}},"_links":{"self":[{"href":"https:\/\/galeriapisodois.esfelgueiras.pt\/en\/wp-json\/wp\/v2\/pages\/56","targetHints":{"allow":["GET"]}}],"collection":[{"href":"https:\/\/galeriapisodois.esfelgueiras.pt\/en\/wp-json\/wp\/v2\/pages"}],"about":[{"href":"https:\/\/galeriapisodois.esfelgueiras.pt\/en\/wp-json\/wp\/v2\/types\/page"}],"author":[{"embeddable":true,"href":"https:\/\/galeriapisodois.esfelgueiras.pt\/en\/wp-json\/wp\/v2\/users\/1"}],"replies":[{"embeddable":true,"href":"https:\/\/galeriapisodois.esfelgueiras.pt\/en\/wp-json\/wp\/v2\/comments?post=56"}],"version-history":[{"count":20,"href":"https:\/\/galeriapisodois.esfelgueiras.pt\/en\/wp-json\/wp\/v2\/pages\/56\/revisions"}],"predecessor-version":[{"id":758,"href":"https:\/\/galeriapisodois.esfelgueiras.pt\/en\/wp-json\/wp\/v2\/pages\/56\/revisions\/758"}],"wp:attachment":[{"href":"https:\/\/galeriapisodois.esfelgueiras.pt\/en\/wp-json\/wp\/v2\/media?parent=56"}],"curies":[{"name":"wp","href":"https:\/\/api.w.org\/{rel}","templated":true}]}}