{"id":625,"date":"2025-02-05T14:45:58","date_gmt":"2025-02-05T14:45:58","guid":{"rendered":"https:\/\/galeriapisodois.esfelgueiras.pt\/?page_id=625"},"modified":"2025-05-28T10:23:16","modified_gmt":"2025-05-28T10:23:16","slug":"sobre","status":"publish","type":"page","link":"https:\/\/galeriapisodois.esfelgueiras.pt\/en\/sobre\/","title":{"rendered":"Sobre"},"content":{"rendered":"<div data-elementor-type=\"wp-page\" data-elementor-id=\"625\" class=\"elementor elementor-625\">\n\t\t\t\t<div class=\"elementor-element elementor-element-7e1eb3b e-flex e-con-boxed e-con e-parent\" data-id=\"7e1eb3b\" data-element_type=\"container\">\n\t\t\t\t\t<div class=\"e-con-inner\">\n\t\t\t\t<div class=\"elementor-element elementor-element-5cc4608 elementor-widget elementor-widget-spacer\" data-id=\"5cc4608\" data-element_type=\"widget\" data-widget_type=\"spacer.default\">\n\t\t\t\t<div class=\"elementor-widget-container\">\n\t\t\t\t\t\t\t<div class=\"elementor-spacer\">\n\t\t\t<div class=\"elementor-spacer-inner\"><\/div>\n\t\t<\/div>\n\t\t\t\t\t\t<\/div>\n\t\t\t\t<\/div>\n\t\t\t\t<div class=\"elementor-element elementor-element-026e9c9 elementor-widget elementor-widget-text-editor\" data-id=\"026e9c9\" data-element_type=\"widget\" data-widget_type=\"text-editor.default\">\n\t\t\t\t<div class=\"elementor-widget-container\">\n\t\t\t\t\t\t\t\t\t<!DOCTYPE html>\n<html lang=\"pt\">\n<head>\n  <meta charset=\"UTF-8\">\n  <title>Galeria Piso Dois<\/title>\n<\/head>\n<body>\n  <section>\n    <h1>Galeria Piso Dois<\/h1>\n    <p>\n      A Escola Secund\u00e1ria tem, no seu interior, um espa\u00e7o \u00fanico por onde t\u00eam passado alguns dos maiores artistas pl\u00e1sticos da atualidade \u2013 a <strong>Galeria Piso Dois<\/strong>.\n    <\/p>\n    <p>\n      Este espa\u00e7o, inaugurado a <strong>16 de outubro de 2016<\/strong>, com curadoria do professor <strong>Pedro Tribuzi<\/strong>, tem sido palco de diversas exposi\u00e7\u00f5es abertas \u00e0 comunidade e tem como objetivo dar a conhecer m\u00faltiplas linguagens art\u00edsticas, permitindo, assim, \u201co conhecimento de si e do outro\u201d, pois n\u00e3o h\u00e1 conhecimento de si, sem a liga\u00e7\u00e3o ao patrim\u00f3nio, \u00e0s artes.\n    <\/p>\n    <p>\n      Desde a sua inaugura\u00e7\u00e3o, j\u00e1 passaram pela Galeria mais de <strong>40 exposi\u00e7\u00f5es<\/strong>, com periodicidade bimensal, sendo a \u00faltima de cada ano letivo dedicada \u00e0 divulga\u00e7\u00e3o dos <strong>trabalhos dos alunos<\/strong> da escola.\n    <\/p>\n    <p>\n      Em <strong>2025<\/strong>, ano em que se comemoram os <strong>50 anos da ESF<\/strong>, o tema agregador das \u00faltimas exposi\u00e7\u00f5es remete para esta efem\u00e9ride.\n    <\/p>\n  <\/section>\n<\/body>\n<\/html>\n\t\t\t\t\t\t\t\t<\/div>\n\t\t\t\t<\/div>\n\t\t\t\t\t<\/div>\n\t\t\t\t<\/div>\n\t\t<div class=\"elementor-element elementor-element-158b0de e-flex e-con-boxed e-con e-parent\" data-id=\"158b0de\" data-element_type=\"container\">\n\t\t\t\t\t<div class=\"e-con-inner\">\n\t\t\t\t\t<\/div>\n\t\t\t\t<\/div>\n\t\t\t\t<\/div>","protected":false},"excerpt":{"rendered":"<p>Galeria Piso Dois Galeria Piso Dois A Escola Secund\u00e1ria tem, no seu interior, um espa\u00e7o \u00fanico por onde t\u00eam passado alguns dos maiores artistas pl\u00e1sticos da atualidade \u2013 a Galeria Piso Dois. Este espa\u00e7o, inaugurado a 16 de outubro de 2016, com curadoria do professor Pedro Tribuzi, tem sido palco de diversas exposi\u00e7\u00f5es abertas \u00e0 [&hellip;]<\/p>","protected":false},"author":1,"featured_media":0,"parent":0,"menu_order":0,"comment_status":"closed","ping_status":"closed","template":"","meta":{"ocean_post_layout":"","ocean_both_sidebars_style":"","ocean_both_sidebars_content_width":0,"ocean_both_sidebars_sidebars_width":0,"ocean_sidebar":"","ocean_second_sidebar":"","ocean_disable_margins":"enable","ocean_add_body_class":"","ocean_shortcode_before_top_bar":"","ocean_shortcode_after_top_bar":"","ocean_shortcode_before_header":"","ocean_shortcode_after_header":"","ocean_has_shortcode":"","ocean_shortcode_after_title":"","ocean_shortcode_before_footer_widgets":"","ocean_shortcode_after_footer_widgets":"","ocean_shortcode_before_footer_bottom":"","ocean_shortcode_after_footer_bottom":"","ocean_display_top_bar":"default","ocean_display_header":"default","ocean_header_style":"","ocean_center_header_left_menu":"","ocean_custom_header_template":"","ocean_custom_logo":0,"ocean_custom_retina_logo":0,"ocean_custom_logo_max_width":0,"ocean_custom_logo_tablet_max_width":0,"ocean_custom_logo_mobile_max_width":0,"ocean_custom_logo_max_height":0,"ocean_custom_logo_tablet_max_height":0,"ocean_custom_logo_mobile_max_height":0,"ocean_header_custom_menu":"","ocean_menu_typo_font_family":"","ocean_menu_typo_font_subset":"","ocean_menu_typo_font_size":0,"ocean_menu_typo_font_size_tablet":0,"ocean_menu_typo_font_size_mobile":0,"ocean_menu_typo_font_size_unit":"px","ocean_menu_typo_font_weight":"","ocean_menu_typo_font_weight_tablet":"","ocean_menu_typo_font_weight_mobile":"","ocean_menu_typo_transform":"","ocean_menu_typo_transform_tablet":"","ocean_menu_typo_transform_mobile":"","ocean_menu_typo_line_height":0,"ocean_menu_typo_line_height_tablet":0,"ocean_menu_typo_line_height_mobile":0,"ocean_menu_typo_line_height_unit":"","ocean_menu_typo_spacing":0,"ocean_menu_typo_spacing_tablet":0,"ocean_menu_typo_spacing_mobile":0,"ocean_menu_typo_spacing_unit":"","ocean_menu_link_color":"","ocean_menu_link_color_hover":"","ocean_menu_link_color_active":"","ocean_menu_link_background":"","ocean_menu_link_hover_background":"","ocean_menu_link_active_background":"","ocean_menu_social_links_bg":"","ocean_menu_social_hover_links_bg":"","ocean_menu_social_links_color":"","ocean_menu_social_hover_links_color":"","ocean_disable_title":"default","ocean_disable_heading":"default","ocean_post_title":"","ocean_post_subheading":"","ocean_post_title_style":"","ocean_post_title_background_color":"","ocean_post_title_background":0,"ocean_post_title_bg_image_position":"","ocean_post_title_bg_image_attachment":"","ocean_post_title_bg_image_repeat":"","ocean_post_title_bg_image_size":"","ocean_post_title_height":0,"ocean_post_title_bg_overlay":0.5,"ocean_post_title_bg_overlay_color":"","ocean_disable_breadcrumbs":"default","ocean_breadcrumbs_color":"","ocean_breadcrumbs_separator_color":"","ocean_breadcrumbs_links_color":"","ocean_breadcrumbs_links_hover_color":"","ocean_display_footer_widgets":"default","ocean_display_footer_bottom":"default","ocean_custom_footer_template":"","footnotes":""},"class_list":["post-625","page","type-page","status-publish","hentry","entry"],"yoast_head":"<!-- This site is optimized with the Yoast SEO plugin v27.1.1 - https:\/\/yoast.com\/product\/yoast-seo-wordpress\/ -->\n<title>Sobre - Galeria Piso Dois<\/title>\n<meta name=\"robots\" content=\"index, follow, max-snippet:-1, max-image-preview:large, max-video-preview:-1\" \/>\n<link rel=\"canonical\" href=\"https:\/\/galeriapisodois.esfelgueiras.pt\/en\/sobre\/\" \/>\n<meta property=\"og:locale\" content=\"en_GB\" \/>\n<meta property=\"og:type\" content=\"article\" \/>\n<meta property=\"og:title\" content=\"Sobre - Galeria Piso Dois\" \/>\n<meta property=\"og:description\" content=\"Galeria Piso Dois Galeria Piso Dois A Escola Secund\u00e1ria tem, no seu interior, um espa\u00e7o \u00fanico por onde t\u00eam passado alguns dos maiores artistas pl\u00e1sticos da atualidade \u2013 a Galeria Piso Dois. Este espa\u00e7o, inaugurado a 16 de outubro de 2016, com curadoria do professor Pedro Tribuzi, tem sido palco de diversas exposi\u00e7\u00f5es abertas \u00e0 [&hellip;]\" \/>\n<meta property=\"og:url\" content=\"https:\/\/galeriapisodois.esfelgueiras.pt\/en\/sobre\/\" \/>\n<meta property=\"og:site_name\" content=\"Galeria Piso Dois\" \/>\n<meta property=\"article:publisher\" content=\"https:\/\/pt-br.facebook.com\/Tribuzzi\/photos\/\" \/>\n<meta property=\"article:modified_time\" content=\"2025-05-28T10:23:16+00:00\" \/>\n<meta name=\"twitter:card\" content=\"summary_large_image\" \/>\n<meta name=\"twitter:label1\" content=\"Estimated reading time\" \/>\n\t<meta name=\"twitter:data1\" content=\"1 minute\" \/>\n<script type=\"application\/ld+json\" class=\"yoast-schema-graph\">{\"@context\":\"https:\/\/schema.org\",\"@graph\":[{\"@type\":\"WebPage\",\"@id\":\"https:\/\/galeriapisodois.esfelgueiras.pt\/sobre\/\",\"url\":\"https:\/\/galeriapisodois.esfelgueiras.pt\/sobre\/\",\"name\":\"Sobre - Galeria Piso Dois\",\"isPartOf\":{\"@id\":\"https:\/\/galeriapisodois.esfelgueiras.pt\/#website\"},\"datePublished\":\"2025-02-05T14:45:58+00:00\",\"dateModified\":\"2025-05-28T10:23:16+00:00\",\"breadcrumb\":{\"@id\":\"https:\/\/galeriapisodois.esfelgueiras.pt\/sobre\/#breadcrumb\"},\"inLanguage\":\"en-GB\",\"potentialAction\":[{\"@type\":\"ReadAction\",\"target\":[\"https:\/\/galeriapisodois.esfelgueiras.pt\/sobre\/\"]}]},{\"@type\":\"BreadcrumbList\",\"@id\":\"https:\/\/galeriapisodois.esfelgueiras.pt\/sobre\/#breadcrumb\",\"itemListElement\":[{\"@type\":\"ListItem\",\"position\":1,\"name\":\"In\u00edcio\",\"item\":\"https:\/\/galeriapisodois.esfelgueiras.pt\/\"},{\"@type\":\"ListItem\",\"position\":2,\"name\":\"Sobre\"}]},{\"@type\":\"WebSite\",\"@id\":\"https:\/\/galeriapisodois.esfelgueiras.pt\/#website\",\"url\":\"https:\/\/galeriapisodois.esfelgueiras.pt\/\",\"name\":\"Galeria Piso Dois\",\"description\":\"Galeria Piso Dois\",\"publisher\":{\"@id\":\"https:\/\/galeriapisodois.esfelgueiras.pt\/#organization\"},\"potentialAction\":[{\"@type\":\"SearchAction\",\"target\":{\"@type\":\"EntryPoint\",\"urlTemplate\":\"https:\/\/galeriapisodois.esfelgueiras.pt\/?s={search_term_string}\"},\"query-input\":{\"@type\":\"PropertyValueSpecification\",\"valueRequired\":true,\"valueName\":\"search_term_string\"}}],\"inLanguage\":\"en-GB\"},{\"@type\":\"Organization\",\"@id\":\"https:\/\/galeriapisodois.esfelgueiras.pt\/#organization\",\"name\":\"Galeria Piso Dois\",\"url\":\"https:\/\/galeriapisodois.esfelgueiras.pt\/\",\"logo\":{\"@type\":\"ImageObject\",\"inLanguage\":\"en-GB\",\"@id\":\"https:\/\/galeriapisodois.esfelgueiras.pt\/#\/schema\/logo\/image\/\",\"url\":\"https:\/\/galeriapisodois.esfelgueiras.pt\/wp-content\/uploads\/2026\/03\/cropped-LogoGaleria.png\",\"contentUrl\":\"https:\/\/galeriapisodois.esfelgueiras.pt\/wp-content\/uploads\/2026\/03\/cropped-LogoGaleria.png\",\"width\":512,\"height\":512,\"caption\":\"Galeria Piso Dois\"},\"image\":{\"@id\":\"https:\/\/galeriapisodois.esfelgueiras.pt\/#\/schema\/logo\/image\/\"},\"sameAs\":[\"https:\/\/pt-br.facebook.com\/Tribuzzi\/photos\/\"]}]}<\/script>\n<!-- \/ Yoast SEO plugin. -->","yoast_head_json":{"title":"Sobre - Galeria Piso Dois","robots":{"index":"index","follow":"follow","max-snippet":"max-snippet:-1","max-image-preview":"max-image-preview:large","max-video-preview":"max-video-preview:-1"},"canonical":"https:\/\/galeriapisodois.esfelgueiras.pt\/en\/sobre\/","og_locale":"en_GB","og_type":"article","og_title":"Sobre - Galeria Piso Dois","og_description":"Galeria Piso Dois Galeria Piso Dois A Escola Secund\u00e1ria tem, no seu interior, um espa\u00e7o \u00fanico por onde t\u00eam passado alguns dos maiores artistas pl\u00e1sticos da atualidade \u2013 a Galeria Piso Dois. Este espa\u00e7o, inaugurado a 16 de outubro de 2016, com curadoria do professor Pedro Tribuzi, tem sido palco de diversas exposi\u00e7\u00f5es abertas \u00e0 [&hellip;]","og_url":"https:\/\/galeriapisodois.esfelgueiras.pt\/en\/sobre\/","og_site_name":"Galeria Piso Dois","article_publisher":"https:\/\/pt-br.facebook.com\/Tribuzzi\/photos\/","article_modified_time":"2025-05-28T10:23:16+00:00","twitter_card":"summary_large_image","twitter_misc":{"Estimated reading time":"1 minute"},"schema":{"@context":"https:\/\/schema.org","@graph":[{"@type":"WebPage","@id":"https:\/\/galeriapisodois.esfelgueiras.pt\/sobre\/","url":"https:\/\/galeriapisodois.esfelgueiras.pt\/sobre\/","name":"Sobre - Galeria Piso Dois","isPartOf":{"@id":"https:\/\/galeriapisodois.esfelgueiras.pt\/#website"},"datePublished":"2025-02-05T14:45:58+00:00","dateModified":"2025-05-28T10:23:16+00:00","breadcrumb":{"@id":"https:\/\/galeriapisodois.esfelgueiras.pt\/sobre\/#breadcrumb"},"inLanguage":"en-GB","potentialAction":[{"@type":"ReadAction","target":["https:\/\/galeriapisodois.esfelgueiras.pt\/sobre\/"]}]},{"@type":"BreadcrumbList","@id":"https:\/\/galeriapisodois.esfelgueiras.pt\/sobre\/#breadcrumb","itemListElement":[{"@type":"ListItem","position":1,"name":"In\u00edcio","item":"https:\/\/galeriapisodois.esfelgueiras.pt\/"},{"@type":"ListItem","position":2,"name":"Sobre"}]},{"@type":"WebSite","@id":"https:\/\/galeriapisodois.esfelgueiras.pt\/#website","url":"https:\/\/galeriapisodois.esfelgueiras.pt\/","name":"Galeria Piso Dois","description":"Galeria Piso Dois","publisher":{"@id":"https:\/\/galeriapisodois.esfelgueiras.pt\/#organization"},"potentialAction":[{"@type":"SearchAction","target":{"@type":"EntryPoint","urlTemplate":"https:\/\/galeriapisodois.esfelgueiras.pt\/?s={search_term_string}"},"query-input":{"@type":"PropertyValueSpecification","valueRequired":true,"valueName":"search_term_string"}}],"inLanguage":"en-GB"},{"@type":"Organization","@id":"https:\/\/galeriapisodois.esfelgueiras.pt\/#organization","name":"Galeria Piso Dois","url":"https:\/\/galeriapisodois.esfelgueiras.pt\/","logo":{"@type":"ImageObject","inLanguage":"en-GB","@id":"https:\/\/galeriapisodois.esfelgueiras.pt\/#\/schema\/logo\/image\/","url":"https:\/\/galeriapisodois.esfelgueiras.pt\/wp-content\/uploads\/2026\/03\/cropped-LogoGaleria.png","contentUrl":"https:\/\/galeriapisodois.esfelgueiras.pt\/wp-content\/uploads\/2026\/03\/cropped-LogoGaleria.png","width":512,"height":512,"caption":"Galeria Piso Dois"},"image":{"@id":"https:\/\/galeriapisodois.esfelgueiras.pt\/#\/schema\/logo\/image\/"},"sameAs":["https:\/\/pt-br.facebook.com\/Tribuzzi\/photos\/"]}]}},"_links":{"self":[{"href":"https:\/\/galeriapisodois.esfelgueiras.pt\/en\/wp-json\/wp\/v2\/pages\/625","targetHints":{"allow":["GET"]}}],"collection":[{"href":"https:\/\/galeriapisodois.esfelgueiras.pt\/en\/wp-json\/wp\/v2\/pages"}],"about":[{"href":"https:\/\/galeriapisodois.esfelgueiras.pt\/en\/wp-json\/wp\/v2\/types\/page"}],"author":[{"embeddable":true,"href":"https:\/\/galeriapisodois.esfelgueiras.pt\/en\/wp-json\/wp\/v2\/users\/1"}],"replies":[{"embeddable":true,"href":"https:\/\/galeriapisodois.esfelgueiras.pt\/en\/wp-json\/wp\/v2\/comments?post=625"}],"version-history":[{"count":7,"href":"https:\/\/galeriapisodois.esfelgueiras.pt\/en\/wp-json\/wp\/v2\/pages\/625\/revisions"}],"predecessor-version":[{"id":895,"href":"https:\/\/galeriapisodois.esfelgueiras.pt\/en\/wp-json\/wp\/v2\/pages\/625\/revisions\/895"}],"wp:attachment":[{"href":"https:\/\/galeriapisodois.esfelgueiras.pt\/en\/wp-json\/wp\/v2\/media?parent=625"}],"curies":[{"name":"wp","href":"https:\/\/api.w.org\/{rel}","templated":true}]}}